{"id":249,"date":"2020-05-31T13:05:17","date_gmt":"2020-05-31T11:05:17","guid":{"rendered":"https:\/\/ekomel.pl\/?page_id=249"},"modified":"2021-07-08T17:28:17","modified_gmt":"2021-07-08T15:28:17","slug":"oferta","status":"publish","type":"page","link":"http:\/\/ekomel.pl\/?page_id=249","title":{"rendered":"OFERTA"},"content":{"rendered":"\n<h3 id=\"inzynieria\">In\u017cynieria l\u0105dowa i wodna<\/h3>\n\n\n\n<p>Mamy wieloletnie do\u015bwiadczenie w szeroko poj\u0119tym budowaniu obiekt\u00f3w in\u017cynierii l\u0105dowej i wodnej. Specjalizujemy si\u0119 w budowie oczyszczalni, sieci wodno-kanalizacyjnych, most\u00f3w i k\u0142adek oraz melioracji.<br><\/p>\n\n\n\n<p><\/p>\n\n\n\n<div style=\"height:20px\" aria-hidden=\"true\" class=\"wp-block-spacer\"><\/div>\n\n\n\n<hr class=\"wp-block-separator has-text-color has-background\" style=\"background-color:#029141;color:#029141\"\/>\n\n\n\n<div style=\"height:20px\" aria-hidden=\"true\" class=\"wp-block-spacer\"><\/div>\n\n\n\n<h3 id=\"stacja\">Stacja paliw<\/h3>\n\n\n\n<p><\/p>\n\n\n\n<div class=\"wp-block-media-text alignwide has-media-on-the-right is-stacked-on-mobile\" style=\"grid-template-columns:auto 41%\"><figure class=\"wp-block-media-text__media\"><img decoding=\"async\" loading=\"lazy\" width=\"664\" height=\"374\" src=\"https:\/\/ekomel.pl\/wp-content\/uploads\/2020\/05\/20200530_5-1.jpg\" alt=\"\" class=\"wp-image-273 size-full\" srcset=\"http:\/\/ekomel.pl\/wp-content\/uploads\/2020\/05\/20200530_5-1.jpg 664w, http:\/\/ekomel.pl\/wp-content\/uploads\/2020\/05\/20200530_5-1-300x169.jpg 300w\" sizes=\"(max-width: 664px) 100vw, 664px\" \/><\/figure><div class=\"wp-block-media-text__content\">\n<p class=\"has-text-align-left has-white-background-color has-background\">Sp\u00f3\u0142ka posiada stacji paliw, oferuj\u0105c\u0105 najwy\u017cszej jako\u015bci paliwa, oleje, smary            w atrakcyjnych cenach. <br>Stacja czynna jest w dni robocze od poniedzia\u0142ku do pi\u0105tku w godzinach 6-18,        w soboty w godzinach 6-16.<\/p>\n<\/div><\/div>\n\n\n\n<hr class=\"wp-block-separator has-text-color has-background\" style=\"background-color:#029141;color:#029141\"\/>\n\n\n\n<div style=\"height:20px\" aria-hidden=\"true\" class=\"wp-block-spacer\"><\/div>\n\n\n\n<h2 id=\"geowlokniny\">Geow\u0142\u00f3kniny<\/h2>\n\n\n\n<div class=\"wp-block-media-text alignwide has-media-on-the-right is-stacked-on-mobile\"><figure class=\"wp-block-media-text__media\"><img decoding=\"async\" loading=\"lazy\" width=\"1500\" height=\"1500\" src=\"http:\/\/ekomel.pl\/wp-content\/uploads\/2021\/07\/IRTEX-2-1.webp\" alt=\"\" class=\"wp-image-397 size-full\" srcset=\"http:\/\/ekomel.pl\/wp-content\/uploads\/2021\/07\/IRTEX-2-1.webp 1500w, http:\/\/ekomel.pl\/wp-content\/uploads\/2021\/07\/IRTEX-2-1-300x300.webp 300w, http:\/\/ekomel.pl\/wp-content\/uploads\/2021\/07\/IRTEX-2-1-1024x1024.webp 1024w, http:\/\/ekomel.pl\/wp-content\/uploads\/2021\/07\/IRTEX-2-1-150x150.webp 150w, http:\/\/ekomel.pl\/wp-content\/uploads\/2021\/07\/IRTEX-2-1-768x768.webp 768w\" sizes=\"(max-width: 1500px) 100vw, 1500px\" \/><\/figure><div class=\"wp-block-media-text__content\">\n<p class=\"has-medium-font-size\">W\u0142\u00f3knina ig\u0142owana zgrzewana Agrow\u0142\u00f3knina<\/p>\n\n\n\n<p><strong>Parametry:<\/strong><\/p>\n\n\n\n<p>gramatura 300 g\/m2<\/p>\n\n\n\n<p>szeroko\u015b\u0107 1,6m<\/p>\n\n\n\n<p>d\u0142ugo\u015b\u0107 40 m.b.<\/p>\n<\/div><\/div>\n\n\n\n<div class=\"wp-block-media-text alignwide has-media-on-the-right is-stacked-on-mobile\"><figure class=\"wp-block-media-text__media\"><img decoding=\"async\" loading=\"lazy\" width=\"1024\" height=\"1024\" src=\"http:\/\/ekomel.pl\/wp-content\/uploads\/2021\/07\/IRTEX-10-1-1024x1024.webp\" alt=\"\" class=\"wp-image-402 size-full\" srcset=\"http:\/\/ekomel.pl\/wp-content\/uploads\/2021\/07\/IRTEX-10-1-1024x1024.webp 1024w, http:\/\/ekomel.pl\/wp-content\/uploads\/2021\/07\/IRTEX-10-1-300x300.webp 300w, http:\/\/ekomel.pl\/wp-content\/uploads\/2021\/07\/IRTEX-10-1-150x150.webp 150w, http:\/\/ekomel.pl\/wp-content\/uploads\/2021\/07\/IRTEX-10-1-768x768.webp 768w, http:\/\/ekomel.pl\/wp-content\/uploads\/2021\/07\/IRTEX-10-1.webp 1500w\" sizes=\"(max-width: 1024px) 100vw, 1024px\" \/><\/figure><div class=\"wp-block-media-text__content\">\n<p class=\"has-medium-font-size\">W\u0142\u00f3knina ig\u0142owana zgrzewana<\/p>\n\n\n\n<p><strong>Parametry:<\/strong><\/p>\n\n\n\n<p>gramatura 200 g\/ m2<\/p>\n\n\n\n<p>szeroko\u015b\u0107 rolki 2 m<\/p>\n\n\n\n<p>d\u0142ugo\u015b\u0107 25 m.b.<\/p>\n<\/div><\/div>\n\n\n\n<div class=\"wp-block-media-text alignwide has-media-on-the-right is-stacked-on-mobile\"><figure class=\"wp-block-media-text__media\"><img decoding=\"async\" loading=\"lazy\" width=\"1024\" height=\"1024\" src=\"http:\/\/ekomel.pl\/wp-content\/uploads\/2021\/07\/IRTEX-6-1-1024x1024.webp\" alt=\"\" class=\"wp-image-400 size-full\" srcset=\"http:\/\/ekomel.pl\/wp-content\/uploads\/2021\/07\/IRTEX-6-1-1024x1024.webp 1024w, http:\/\/ekomel.pl\/wp-content\/uploads\/2021\/07\/IRTEX-6-1-300x300.webp 300w, http:\/\/ekomel.pl\/wp-content\/uploads\/2021\/07\/IRTEX-6-1-150x150.webp 150w, http:\/\/ekomel.pl\/wp-content\/uploads\/2021\/07\/IRTEX-6-1-768x768.webp 768w, http:\/\/ekomel.pl\/wp-content\/uploads\/2021\/07\/IRTEX-6-1.webp 1500w\" sizes=\"(max-width: 1024px) 100vw, 1024px\" \/><\/figure><div class=\"wp-block-media-text__content\">\n<p class=\"has-medium-font-size\">W\u0142\u00f3knina ig\u0142owana ( w\u0142\u00f3kna poliestrowe ) <\/p>\n\n\n\n<p><strong>Parametry:<\/strong><\/p>\n\n\n\n<p>gramatura 140 g\/m2<\/p>\n\n\n\n<p>szeroko\u015b\u0107 1,6 m<\/p>\n\n\n\n<p>d\u0142ugo\u015b\u0107 rolki 75 m.b.<\/p>\n<\/div><\/div>\n\n\n\n<div class=\"wp-block-media-text alignwide has-media-on-the-right is-stacked-on-mobile\"><figure class=\"wp-block-media-text__media\"><img decoding=\"async\" loading=\"lazy\" width=\"1024\" height=\"1024\" src=\"http:\/\/ekomel.pl\/wp-content\/uploads\/2021\/07\/IRTEX-13-1-1024x1024.webp\" alt=\"\" class=\"wp-image-405 size-full\" srcset=\"http:\/\/ekomel.pl\/wp-content\/uploads\/2021\/07\/IRTEX-13-1-1024x1024.webp 1024w, http:\/\/ekomel.pl\/wp-content\/uploads\/2021\/07\/IRTEX-13-1-300x300.webp 300w, http:\/\/ekomel.pl\/wp-content\/uploads\/2021\/07\/IRTEX-13-1-150x150.webp 150w, http:\/\/ekomel.pl\/wp-content\/uploads\/2021\/07\/IRTEX-13-1-768x768.webp 768w, http:\/\/ekomel.pl\/wp-content\/uploads\/2021\/07\/IRTEX-13-1.webp 1500w\" sizes=\"(max-width: 1024px) 100vw, 1024px\" \/><\/figure><div class=\"wp-block-media-text__content\">\n<p class=\"has-medium-font-size\">W\u0142\u00f3knina ig\u0142owana we\u0142niana<\/p>\n\n\n\n<p><strong>Parametry:<\/strong><\/p>\n\n\n\n<p>gramatura 400 g\/m2<\/p>\n\n\n\n<p>szeroko\u015b\u0107 rolki 2m<\/p>\n\n\n\n<p>d\u0142ugo\u015b\u0107 rolki 25 m.b.<\/p>\n<\/div><\/div>\n\n\n\n<div class=\"wp-block-media-text alignwide has-media-on-the-right is-stacked-on-mobile\"><figure class=\"wp-block-media-text__media\"><img decoding=\"async\" loading=\"lazy\" width=\"1024\" height=\"1024\" src=\"http:\/\/ekomel.pl\/wp-content\/uploads\/2021\/07\/IRTEX-17-1-1024x1024.webp\" alt=\"\" class=\"wp-image-407 size-full\" srcset=\"http:\/\/ekomel.pl\/wp-content\/uploads\/2021\/07\/IRTEX-17-1-1024x1024.webp 1024w, http:\/\/ekomel.pl\/wp-content\/uploads\/2021\/07\/IRTEX-17-1-300x300.webp 300w, http:\/\/ekomel.pl\/wp-content\/uploads\/2021\/07\/IRTEX-17-1-150x150.webp 150w, http:\/\/ekomel.pl\/wp-content\/uploads\/2021\/07\/IRTEX-17-1-768x768.webp 768w, http:\/\/ekomel.pl\/wp-content\/uploads\/2021\/07\/IRTEX-17-1.webp 1500w\" sizes=\"(max-width: 1024px) 100vw, 1024px\" \/><\/figure><div class=\"wp-block-media-text__content\">\n<p class=\"has-medium-font-size\">Wk\u0142ady ko\u0142drowe silikonowe<\/p>\n\n\n\n<p><br>Masa rolki 14,5 kg<\/p>\n<\/div><\/div>\n\n\n\n<div class=\"wp-block-media-text alignwide has-media-on-the-right is-stacked-on-mobile\"><figure class=\"wp-block-media-text__media\"><img decoding=\"async\" loading=\"lazy\" width=\"1024\" height=\"1024\" src=\"http:\/\/ekomel.pl\/wp-content\/uploads\/2021\/07\/IRTEX-15-1-1024x1024.webp\" alt=\"\" class=\"wp-image-406 size-full\" srcset=\"http:\/\/ekomel.pl\/wp-content\/uploads\/2021\/07\/IRTEX-15-1-1024x1024.webp 1024w, http:\/\/ekomel.pl\/wp-content\/uploads\/2021\/07\/IRTEX-15-1-300x300.webp 300w, http:\/\/ekomel.pl\/wp-content\/uploads\/2021\/07\/IRTEX-15-1-150x150.webp 150w, http:\/\/ekomel.pl\/wp-content\/uploads\/2021\/07\/IRTEX-15-1-768x768.webp 768w, http:\/\/ekomel.pl\/wp-content\/uploads\/2021\/07\/IRTEX-15-1.webp 1500w\" sizes=\"(max-width: 1024px) 100vw, 1024px\" \/><\/figure><div class=\"wp-block-media-text__content\">\n<p class=\"has-medium-font-size\">Wk\u0142ady ko\u0142drowe w\u0142\u00f3kna odpadowe<\/p>\n\n\n\n<p>Masa ok 19 kg<\/p>\n<\/div><\/div>\n\n\n\n<div class=\"wp-block-media-text alignwide has-media-on-the-right is-stacked-on-mobile\"><figure class=\"wp-block-media-text__media\"><img decoding=\"async\" loading=\"lazy\" width=\"1024\" height=\"1024\" src=\"http:\/\/ekomel.pl\/wp-content\/uploads\/2021\/07\/IRTEX-12-1-1024x1024.webp\" alt=\"\" class=\"wp-image-404 size-full\" srcset=\"http:\/\/ekomel.pl\/wp-content\/uploads\/2021\/07\/IRTEX-12-1-1024x1024.webp 1024w, http:\/\/ekomel.pl\/wp-content\/uploads\/2021\/07\/IRTEX-12-1-300x300.webp 300w, http:\/\/ekomel.pl\/wp-content\/uploads\/2021\/07\/IRTEX-12-1-150x150.webp 150w, http:\/\/ekomel.pl\/wp-content\/uploads\/2021\/07\/IRTEX-12-1-768x768.webp 768w, http:\/\/ekomel.pl\/wp-content\/uploads\/2021\/07\/IRTEX-12-1.webp 1500w\" sizes=\"(max-width: 1024px) 100vw, 1024px\" \/><\/figure><div class=\"wp-block-media-text__content\">\n<p class=\"has-medium-font-size\">W\u0142\u00f3kniana ig\u0142owana zgrzewana<\/p>\n\n\n\n<p><strong>Parametry:<\/strong><\/p>\n\n\n\n<p>gramatura 300 g\/m2<\/p>\n\n\n\n<p>szeroko\u015b\u0107 rolki 1,6m<\/p>\n\n\n\n<p>d\u0142ugo\u015b\u0107 25 m.b.<\/p>\n<\/div><\/div>\n\n\n\n<div class=\"wp-block-media-text alignwide has-media-on-the-right is-stacked-on-mobile\"><figure class=\"wp-block-media-text__media\"><img decoding=\"async\" loading=\"lazy\" width=\"1024\" height=\"1024\" src=\"http:\/\/ekomel.pl\/wp-content\/uploads\/2021\/07\/IRTEX-4-1-1024x1024.webp\" alt=\"\" class=\"wp-image-398 size-full\" srcset=\"http:\/\/ekomel.pl\/wp-content\/uploads\/2021\/07\/IRTEX-4-1-1024x1024.webp 1024w, http:\/\/ekomel.pl\/wp-content\/uploads\/2021\/07\/IRTEX-4-1-300x300.webp 300w, http:\/\/ekomel.pl\/wp-content\/uploads\/2021\/07\/IRTEX-4-1-150x150.webp 150w, http:\/\/ekomel.pl\/wp-content\/uploads\/2021\/07\/IRTEX-4-1-768x768.webp 768w, http:\/\/ekomel.pl\/wp-content\/uploads\/2021\/07\/IRTEX-4-1.webp 1500w\" sizes=\"(max-width: 1024px) 100vw, 1024px\" \/><\/figure><div class=\"wp-block-media-text__content\">\n<p class=\"has-medium-font-size\">W\u0142\u00f3knina ig\u0142owana ( mata podsi\u0105kowa ekologiczna)<\/p>\n\n\n\n<p><strong>Parametry:<\/strong><\/p>\n\n\n\n<p>gramatura 300 g\/m2<\/p>\n\n\n\n<p>szeroko\u015b\u0107 1,6m<\/p>\n\n\n\n<p>d\u0142ugo\u015b\u0107 30 m.<\/p>\n<\/div><\/div>\n\n\n\n<p><\/p>\n","protected":false},"excerpt":{"rendered":"<p>In\u017cynieria l\u0105dowa i wodna Mamy wieloletnie do\u015bwiadczenie w szeroko poj\u0119tym budowaniu obiekt\u00f3w in\u017cynierii l\u0105dowej i wodnej. Specjalizujemy si\u0119 w budowie oczyszczalni, sieci wodno-kanalizacyjnych, most\u00f3w i k\u0142adek oraz melioracji. Stacja paliw Sp\u00f3\u0142ka posiada stacji paliw, oferuj\u0105c\u0105 najwy\u017cszej jako\u015bci paliwa, oleje, smary w atrakcyjnych cenach. Stacja czynna jest w dni robocze od poniedzia\u0142ku do pi\u0105tku w godzinach&hellip;&nbsp;<a href=\"http:\/\/ekomel.pl\/?page_id=249\" class=\"\" rel=\"bookmark\">Czytaj wi\u0119cej &raquo;<span class=\"screen-reader-text\">OFERTA<\/span><\/a><\/p>\n","protected":false},"author":1,"featured_media":0,"parent":0,"menu_order":0,"comment_status":"closed","ping_status":"closed","template":"","meta":[],"yoast_head":"<!-- This site is optimized with the Yoast SEO plugin v20.1 - https:\/\/yoast.com\/wordpress\/plugins\/seo\/ -->\n<title>OFERTA - EKOMEL S.A.<\/title>\n<meta name=\"robots\" content=\"index, follow, max-snippet:-1, max-image-preview:large, max-video-preview:-1\" \/>\n<link rel=\"canonical\" href=\"http:\/\/ekomel.pl\/?page_id=249\" \/>\n<meta property=\"og:locale\" content=\"pl_PL\" \/>\n<meta property=\"og:type\" content=\"article\" \/>\n<meta property=\"og:title\" content=\"OFERTA - EKOMEL S.A.\" \/>\n<meta property=\"og:description\" content=\"In\u017cynieria l\u0105dowa i wodna Mamy wieloletnie do\u015bwiadczenie w szeroko poj\u0119tym budowaniu obiekt\u00f3w in\u017cynierii l\u0105dowej i wodnej. Specjalizujemy si\u0119 w budowie oczyszczalni, sieci wodno-kanalizacyjnych, most\u00f3w i k\u0142adek oraz melioracji. Stacja paliw Sp\u00f3\u0142ka posiada stacji paliw, oferuj\u0105c\u0105 najwy\u017cszej jako\u015bci paliwa, oleje, smary w atrakcyjnych cenach. Stacja czynna jest w dni robocze od poniedzia\u0142ku do pi\u0105tku w godzinach&hellip;&nbsp;Czytaj wi\u0119cej &raquo;OFERTA\" \/>\n<meta property=\"og:url\" content=\"http:\/\/ekomel.pl\/?page_id=249\" \/>\n<meta property=\"og:site_name\" content=\"EKOMEL S.A.\" \/>\n<meta property=\"article:modified_time\" content=\"2021-07-08T15:28:17+00:00\" \/>\n<meta property=\"og:image\" content=\"https:\/\/ekomel.pl\/wp-content\/uploads\/2020\/05\/20200530_5-1.jpg\" \/>\n<meta name=\"twitter:card\" content=\"summary_large_image\" \/>\n<meta name=\"twitter:label1\" content=\"Szacowany czas czytania\" \/>\n\t<meta name=\"twitter:data1\" content=\"3 minuty\" \/>\n<script type=\"application\/ld+json\" class=\"yoast-schema-graph\">{\"@context\":\"https:\/\/schema.org\",\"@graph\":[{\"@type\":\"WebPage\",\"@id\":\"http:\/\/ekomel.pl\/?page_id=249\",\"url\":\"http:\/\/ekomel.pl\/?page_id=249\",\"name\":\"OFERTA - EKOMEL S.A.\",\"isPartOf\":{\"@id\":\"http:\/\/ekomel.pl\/#website\"},\"datePublished\":\"2020-05-31T11:05:17+00:00\",\"dateModified\":\"2021-07-08T15:28:17+00:00\",\"breadcrumb\":{\"@id\":\"http:\/\/ekomel.pl\/?page_id=249#breadcrumb\"},\"inLanguage\":\"pl-PL\",\"potentialAction\":[{\"@type\":\"ReadAction\",\"target\":[\"http:\/\/ekomel.pl\/?page_id=249\"]}]},{\"@type\":\"BreadcrumbList\",\"@id\":\"http:\/\/ekomel.pl\/?page_id=249#breadcrumb\",\"itemListElement\":[{\"@type\":\"ListItem\",\"position\":1,\"name\":\"Home\",\"item\":\"http:\/\/ekomel.pl\/\"},{\"@type\":\"ListItem\",\"position\":2,\"name\":\"OFERTA\"}]},{\"@type\":\"WebSite\",\"@id\":\"http:\/\/ekomel.pl\/#website\",\"url\":\"http:\/\/ekomel.pl\/\",\"name\":\"EKOMEL S.A.\",\"description\":\"\",\"publisher\":{\"@id\":\"http:\/\/ekomel.pl\/#organization\"},\"potentialAction\":[{\"@type\":\"SearchAction\",\"target\":{\"@type\":\"EntryPoint\",\"urlTemplate\":\"http:\/\/ekomel.pl\/?s={search_term_string}\"},\"query-input\":\"required name=search_term_string\"}],\"inLanguage\":\"pl-PL\"},{\"@type\":\"Organization\",\"@id\":\"http:\/\/ekomel.pl\/#organization\",\"name\":\"EKOMEL S.A.\",\"url\":\"http:\/\/ekomel.pl\/\",\"logo\":{\"@type\":\"ImageObject\",\"inLanguage\":\"pl-PL\",\"@id\":\"http:\/\/ekomel.pl\/#\/schema\/logo\/image\/\",\"url\":\"http:\/\/ekomel.pl\/wp-content\/uploads\/2020\/05\/logo_Ekomel-e1590784879546.jpg\",\"contentUrl\":\"http:\/\/ekomel.pl\/wp-content\/uploads\/2020\/05\/logo_Ekomel-e1590784879546.jpg\",\"width\":353,\"height\":82,\"caption\":\"EKOMEL S.A.\"},\"image\":{\"@id\":\"http:\/\/ekomel.pl\/#\/schema\/logo\/image\/\"}}]}<\/script>\n<!-- \/ Yoast SEO plugin. -->","yoast_head_json":{"title":"OFERTA - EKOMEL S.A.","robots":{"index":"index","follow":"follow","max-snippet":"max-snippet:-1","max-image-preview":"max-image-preview:large","max-video-preview":"max-video-preview:-1"},"canonical":"http:\/\/ekomel.pl\/?page_id=249","og_locale":"pl_PL","og_type":"article","og_title":"OFERTA - EKOMEL S.A.","og_description":"In\u017cynieria l\u0105dowa i wodna Mamy wieloletnie do\u015bwiadczenie w szeroko poj\u0119tym budowaniu obiekt\u00f3w in\u017cynierii l\u0105dowej i wodnej. Specjalizujemy si\u0119 w budowie oczyszczalni, sieci wodno-kanalizacyjnych, most\u00f3w i k\u0142adek oraz melioracji. Stacja paliw Sp\u00f3\u0142ka posiada stacji paliw, oferuj\u0105c\u0105 najwy\u017cszej jako\u015bci paliwa, oleje, smary w atrakcyjnych cenach. Stacja czynna jest w dni robocze od poniedzia\u0142ku do pi\u0105tku w godzinach&hellip;&nbsp;Czytaj wi\u0119cej &raquo;OFERTA","og_url":"http:\/\/ekomel.pl\/?page_id=249","og_site_name":"EKOMEL S.A.","article_modified_time":"2021-07-08T15:28:17+00:00","og_image":[{"url":"https:\/\/ekomel.pl\/wp-content\/uploads\/2020\/05\/20200530_5-1.jpg"}],"twitter_card":"summary_large_image","twitter_misc":{"Szacowany czas czytania":"3 minuty"},"schema":{"@context":"https:\/\/schema.org","@graph":[{"@type":"WebPage","@id":"http:\/\/ekomel.pl\/?page_id=249","url":"http:\/\/ekomel.pl\/?page_id=249","name":"OFERTA - EKOMEL S.A.","isPartOf":{"@id":"http:\/\/ekomel.pl\/#website"},"datePublished":"2020-05-31T11:05:17+00:00","dateModified":"2021-07-08T15:28:17+00:00","breadcrumb":{"@id":"http:\/\/ekomel.pl\/?page_id=249#breadcrumb"},"inLanguage":"pl-PL","potentialAction":[{"@type":"ReadAction","target":["http:\/\/ekomel.pl\/?page_id=249"]}]},{"@type":"BreadcrumbList","@id":"http:\/\/ekomel.pl\/?page_id=249#breadcrumb","itemListElement":[{"@type":"ListItem","position":1,"name":"Home","item":"http:\/\/ekomel.pl\/"},{"@type":"ListItem","position":2,"name":"OFERTA"}]},{"@type":"WebSite","@id":"http:\/\/ekomel.pl\/#website","url":"http:\/\/ekomel.pl\/","name":"EKOMEL S.A.","description":"","publisher":{"@id":"http:\/\/ekomel.pl\/#organization"},"potentialAction":[{"@type":"SearchAction","target":{"@type":"EntryPoint","urlTemplate":"http:\/\/ekomel.pl\/?s={search_term_string}"},"query-input":"required name=search_term_string"}],"inLanguage":"pl-PL"},{"@type":"Organization","@id":"http:\/\/ekomel.pl\/#organization","name":"EKOMEL S.A.","url":"http:\/\/ekomel.pl\/","logo":{"@type":"ImageObject","inLanguage":"pl-PL","@id":"http:\/\/ekomel.pl\/#\/schema\/logo\/image\/","url":"http:\/\/ekomel.pl\/wp-content\/uploads\/2020\/05\/logo_Ekomel-e1590784879546.jpg","contentUrl":"http:\/\/ekomel.pl\/wp-content\/uploads\/2020\/05\/logo_Ekomel-e1590784879546.jpg","width":353,"height":82,"caption":"EKOMEL S.A."},"image":{"@id":"http:\/\/ekomel.pl\/#\/schema\/logo\/image\/"}}]}},"_links":{"self":[{"href":"http:\/\/ekomel.pl\/index.php?rest_route=\/wp\/v2\/pages\/249"}],"collection":[{"href":"http:\/\/ekomel.pl\/index.php?rest_route=\/wp\/v2\/pages"}],"about":[{"href":"http:\/\/ekomel.pl\/index.php?rest_route=\/wp\/v2\/types\/page"}],"author":[{"embeddable":true,"href":"http:\/\/ekomel.pl\/index.php?rest_route=\/wp\/v2\/users\/1"}],"replies":[{"embeddable":true,"href":"http:\/\/ekomel.pl\/index.php?rest_route=%2Fwp%2Fv2%2Fcomments&post=249"}],"version-history":[{"count":11,"href":"http:\/\/ekomel.pl\/index.php?rest_route=\/wp\/v2\/pages\/249\/revisions"}],"predecessor-version":[{"id":414,"href":"http:\/\/ekomel.pl\/index.php?rest_route=\/wp\/v2\/pages\/249\/revisions\/414"}],"wp:attachment":[{"href":"http:\/\/ekomel.pl\/index.php?rest_route=%2Fwp%2Fv2%2Fmedia&parent=249"}],"curies":[{"name":"wp","href":"https:\/\/api.w.org\/{rel}","templated":true}]}}